{"id":3118,"date":"2023-12-03T07:22:36","date_gmt":"2023-12-03T03:52:36","guid":{"rendered":"https:\/\/tavangaran.co\/product\/glossy-white-air-drying-for-car-repairing-paints-copy\/"},"modified":"2025-01-29T11:09:59","modified_gmt":"2025-01-29T07:39:59","slug":"kabin-ve-hava-kurutmali-boyalar","status":"publish","type":"product","link":"https:\/\/tavangaran.co\/tu\/product\/kabin-ve-hava-kurutmali-boyalar\/","title":{"rendered":"Kabin ve Hava Kurutmal\u0131 Boyalar"},"content":{"rendered":"","protected":false},"excerpt":{"rendered":"<p>&nbsp;<\/p>\n<p><span style=\"color: #000000;\"><strong>Belirtilen kod ve \u00fcr\u00fcn yelpazesi detaylar\u0131 sat\u0131\u015f uzman\u0131m\u0131zla yapaca\u011f\u0131n\u0131z yaz\u0131\u015fmalar sonucunda taraf\u0131n\u0131za sayg\u0131yla iletilecektir.<\/strong><\/span><\/p>\n<p>&nbsp;<\/p>\n<p><span style=\"font-size: 14pt; color: #000000;\"><strong>S\u0131v\u0131 Re\u00e7inenin Performans Endeksi:<\/strong><\/span><\/p>\n<table style=\"border-collapse: collapse; width: 100%; height: 144px;\">\n<tbody>\n<tr>\n<td style=\"width: 50%;\" width=\"251\"><span style=\"color: #000000;\">Ya\u011f Asidi<\/span><\/td>\n<td style=\"width: 50%;\" width=\"301\">Soya fasulyesi<\/td>\n<\/tr>\n<tr>\n<td style=\"width: 50%;\"><span style=\"color: #000000;\">Kat\u0131 \u0130\u00e7eri\u011fi (%)<\/span><\/td>\n<td style=\"width: 50%;\">54 &#8211; 61<\/td>\n<\/tr>\n<tr>\n<td style=\"width: 50%;\"><span style=\"color: #000000;\">25C&#8217;de Viskozite (Gardner)(Sn)<\/span><\/td>\n<td style=\"width: 50%;\">120 &#8211; 220<\/td>\n<\/tr>\n<tr>\n<td style=\"width: 50%;\"><span style=\"color: #000000;\">Renk (Gardner)<\/span><\/td>\n<td style=\"width: 50%;\">Maksimum 3<\/td>\n<\/tr>\n<tr>\n<td style=\"width: 50%;\"><span style=\"color: #000000;\">Asit De\u011feri (mgKOH\/g)<\/span><\/td>\n<td style=\"width: 50%;\">Maksimum 8<\/td>\n<\/tr>\n<tr>\n<td style=\"width: 50%;\"><span style=\"color: #000000;\">\u00c7\u00f6z\u00fcc\u00fc<\/span><\/td>\n<td style=\"width: 50%;\">Kar\u0131\u015f\u0131k \u00c7\u00f6z\u00fcc\u00fc<\/td>\n<\/tr>\n<\/tbody>\n<\/table>\n<p>&nbsp;<\/p>\n<p><span style=\"font-size: 14pt; color: #000000;\"><strong>\u00dcr\u00fcn Uygulamas\u0131:<\/strong><\/span><\/p>\n<table style=\"border-collapse: collapse; width: 100%; height: 96px;\">\n<tbody>\n<tr style=\"height: 24px;\">\n<td style=\"width: 50%; height: 24px;\"><\/td>\n<td style=\"width: 50%;\" width=\"301\">Otomobil g\u00f6vde onar\u0131m boyalar\u0131<\/td>\n<\/tr>\n<tr style=\"height: 24px;\">\n<td style=\"width: 50%; height: 24px;\"><\/td>\n<td style=\"width: 50%;\">End\u00fcstriyel hava kurutmal\u0131 boyalar<\/td>\n<\/tr>\n<tr style=\"height: 24px;\">\n<td style=\"width: 50%; height: 24px;\"><\/td>\n<td style=\"width: 50%;\">End\u00fcstriyel makine kaplamalar\u0131<\/td>\n<\/tr>\n<tr style=\"height: 24px;\">\n<td style=\"width: 50%; height: 24px;\"><\/td>\n<td style=\"width: 50%;\">Trafik yol i\u015faretleme boyalar\u0131<\/td>\n<\/tr>\n<tr>\n<td style=\"width: 50%;\"><\/td>\n<td style=\"width: 50%;\"><\/td>\n<\/tr>\n<\/tbody>\n<\/table>\n<p>&nbsp;<\/p>\n<p><span style=\"font-size: 14pt; color: #000000;\"><strong>\u00dcr\u00fcn A\u00e7\u0131klamas\u0131:<\/strong><\/span><\/p>\n<table style=\"border-collapse: collapse; width: 100%; height: 144px;\">\n<tbody>\n<tr style=\"height: 24px;\">\n<td style=\"width: 50%; height: 24px;\"><\/td>\n<td style=\"width: 50%;\" width=\"301\">M\u00fckemmel sertlik<\/td>\n<\/tr>\n<tr style=\"height: 24px;\">\n<td style=\"width: 50%; height: 24px;\"><\/td>\n<td style=\"width: 50%;\">H\u0131zl\u0131 y\u00fczey ve tam kuruma<\/td>\n<\/tr>\n<tr style=\"height: 24px;\">\n<td style=\"width: 50%; height: 24px;\"><\/td>\n<td style=\"width: 50%;\">Y\u00fcksek y\u00fczey parlakl\u0131\u011f\u0131 ve uzun parlakl\u0131k tutma<\/td>\n<\/tr>\n<tr style=\"height: 24px;\">\n<td style=\"width: 50%; height: 24px;\"><\/td>\n<td style=\"width: 50%;\">\u00c7ok iyi yap\u0131\u015fma ve esneklik<\/td>\n<\/tr>\n<tr style=\"height: 24px;\">\n<td style=\"width: 50%; height: 24px;\"><\/td>\n<td style=\"width: 50%;\">M\u00fckemmel pigment \u0131slatma ve da\u011f\u0131tma<\/td>\n<\/tr>\n<tr>\n<td style=\"width: 50%;\"><\/td>\n<td style=\"width: 50%;\">Sararmaya dayan\u0131kl\u0131<\/td>\n<\/tr>\n<tr>\n<td style=\"width: 50%;\"><\/td>\n<td style=\"width: 50%;\"><\/td>\n<\/tr>\n<\/tbody>\n<\/table>\n<p>&nbsp;<\/p>\n<p><span style=\"color: #000000;\"><strong>Depolama ko\u015fullar\u0131 ve s\u00fcresi:<\/strong><\/span><br \/>\n<span style=\"color: #000000;\">Bu \u00fcr\u00fcn, orijinal kapal\u0131 \u00e7elik varilinde, ate\u015ften, \u0131s\u0131 kayna\u011f\u0131ndan ve do\u011frudan g\u00fcne\u015f \u0131\u015f\u0131\u011f\u0131ndan uzak, so\u011fuk ve kuru bir yerde, 5-30 \u00b0C aras\u0131ndaki s\u0131cakl\u0131klarda saklanmal\u0131d\u0131r. Bu ko\u015fullar alt\u0131nda, bu \u00fcr\u00fcn\u00fcn raf \u00f6mr\u00fc teslimat tarihinden itibaren en fazla 12 ay olacakt\u0131r.<\/span><\/p>\n<p>&nbsp;<\/p>\n<p><span style=\"color: #000000;\"><strong>Ambalaj:<\/strong><\/span><br \/>\n<span style=\"color: #000000;\">190 Kg net \u00e7elik varil i\u00e7inde<\/span><\/p>\n<p>&nbsp;<\/p>\n<p><span style=\"color: #000000;\"><strong>Not::<\/strong><\/span><br \/>\n<span style=\"color: #000000;\">Kat\u0131 madde oran\u0131, viskozite ve di\u011fer niteliksel parametreler m\u00fc\u015fteri taleplerine g\u00f6re \u00f6zelle\u015ftirilebilir.<\/span><\/p>\n","protected":false},"featured_media":3282,"comment_status":"open","ping_status":"closed","template":"","meta":{"inline_featured_image":false},"product_cat":[835,841,871],"product_tag":[],"class_list":{"0":"post-3118","1":"product","2":"type-product","3":"status-publish","4":"has-post-thumbnail","6":"product_cat-alkyd-resin","7":"product_cat-orta-yagli-alkid","8":"product_cat-dolap-ve-hava-kurumali-boyalar","10":"first","11":"instock","12":"shipping-taxable","13":"product-type-simple"},"acf":[],"_links":{"self":[{"href":"https:\/\/tavangaran.co\/tu\/wp-json\/wp\/v2\/product\/3118"}],"collection":[{"href":"https:\/\/tavangaran.co\/tu\/wp-json\/wp\/v2\/product"}],"about":[{"href":"https:\/\/tavangaran.co\/tu\/wp-json\/wp\/v2\/types\/product"}],"replies":[{"embeddable":true,"href":"https:\/\/tavangaran.co\/tu\/wp-json\/wp\/v2\/comments?post=3118"}],"wp:featuredmedia":[{"embeddable":true,"href":"https:\/\/tavangaran.co\/tu\/wp-json\/wp\/v2\/media\/3282"}],"wp:attachment":[{"href":"https:\/\/tavangaran.co\/tu\/wp-json\/wp\/v2\/media?parent=3118"}],"wp:term":[{"taxonomy":"product_cat","embeddable":true,"href":"https:\/\/tavangaran.co\/tu\/wp-json\/wp\/v2\/product_cat?post=3118"},{"taxonomy":"product_tag","embeddable":true,"href":"https:\/\/tavangaran.co\/tu\/wp-json\/wp\/v2\/product_tag?post=3118"}],"curies":[{"name":"wp","href":"https:\/\/api.w.org\/{rel}","templated":true}]}}