{"id":3097,"date":"2023-12-02T09:08:38","date_gmt":"2023-12-02T05:38:38","guid":{"rendered":"https:\/\/tavangaran.co\/product\/clear-coat-gloss-acid-curing-wood-coating-copy\/"},"modified":"2025-01-12T14:21:16","modified_gmt":"2025-01-12T10:51:16","slug":"beyaz-parlak-dekoratif-boyalar","status":"publish","type":"product","link":"https:\/\/tavangaran.co\/tu\/product\/beyaz-parlak-dekoratif-boyalar\/","title":{"rendered":"Beyaz Parlak Dekoratif Boyalar"},"content":{"rendered":"","protected":false},"excerpt":{"rendered":"<p>&nbsp;<\/p>\n<p><span style=\"color: #000000;\"><strong>Belirtilen kod ve \u00fcr\u00fcn yelpazesi detaylar\u0131 sat\u0131\u015f uzman\u0131m\u0131zla yapaca\u011f\u0131n\u0131z yaz\u0131\u015fmalar sonucunda taraf\u0131n\u0131za sayg\u0131yla iletilecektir.<\/strong><\/span><\/p>\n<p>&nbsp;<\/p>\n<p><span style=\"font-size: 14pt;\"><strong>S\u0131v\u0131 Re\u00e7inenin Performans Endeksi:<\/strong><\/span><\/p>\n<table style=\"border-collapse: collapse; width: 100%; height: 144px;\">\n<tbody>\n<tr>\n<td style=\"width: 50%;\" width=\"280\">Ya\u011f Asidi<\/td>\n<td style=\"width: 50%;\" width=\"301\">Soya fasulyesi<\/td>\n<\/tr>\n<tr>\n<td style=\"width: 50%;\">Kat\u0131 \u0130\u00e7eri\u011fi (%)<\/td>\n<td style=\"width: 50%;\">70 \u00b1 1<\/td>\n<\/tr>\n<tr>\n<td style=\"width: 50%;\">25C&#8217;de Viskozite (Gardner)(Sn)<\/td>\n<td style=\"width: 50%;\">160 &#8211; 5000<\/td>\n<\/tr>\n<tr>\n<td style=\"width: 50%;\">Renk (Gardner)<\/td>\n<td style=\"width: 50%;\">Maksimum 5<\/td>\n<\/tr>\n<tr>\n<td style=\"width: 50%;\">Asit De\u011feri (mgKOH\/g)<\/td>\n<td style=\"width: 50%;\">Maksimum 10<\/td>\n<\/tr>\n<tr>\n<td style=\"width: 50%;\">\u00c7\u00f6z\u00fcc\u00fc<\/td>\n<td style=\"width: 50%;\">Beyaz \u0130spirto<\/td>\n<\/tr>\n<\/tbody>\n<\/table>\n<p>&nbsp;<\/p>\n<p><span style=\"font-size: 14pt;\"><strong>\u00dcr\u00fcn Uygulamas\u0131:<\/strong><\/span><\/p>\n<table style=\"border-collapse: collapse; width: 100%; height: 96px;\">\n<tbody>\n<tr style=\"height: 24px;\">\n<td style=\"width: 50%; height: 24px;\"><\/td>\n<td style=\"width: 49.7942%;\" width=\"301\">\u0130\u00e7 mekan macunu<\/td>\n<\/tr>\n<tr style=\"height: 24px;\">\n<td style=\"width: 50%; height: 24px;\"><\/td>\n<td style=\"width: 49.7942%;\">Boya macunu<\/td>\n<\/tr>\n<tr style=\"height: 24px;\">\n<td style=\"width: 50%; height: 24px;\"><\/td>\n<td style=\"width: 49.7942%;\">Mimari parlak ve yar\u0131 parlak boya<\/td>\n<\/tr>\n<tr style=\"height: 24px;\">\n<td style=\"width: 50%; height: 24px;\"><\/td>\n<td style=\"width: 49.7942%;\">Mimari ve end\u00fcstriyel vernikler<\/td>\n<\/tr>\n<tr>\n<td style=\"width: 50%;\"><\/td>\n<td style=\"width: 49.7942%;\">Ah\u015fap ve metal kaplamalar<\/td>\n<\/tr>\n<tr>\n<td style=\"width: 50%;\"><\/td>\n<td style=\"width: 49.7942%;\" width=\"325\"><\/td>\n<\/tr>\n<\/tbody>\n<\/table>\n<p>&nbsp;<\/p>\n<p><span style=\"font-size: 14pt;\"><strong>\u00dcr\u00fcn A\u00e7\u0131klamas\u0131:<\/strong><\/span><\/p>\n<table style=\"border-collapse: collapse; width: 100%; height: 144px;\">\n<tbody>\n<tr style=\"height: 24px;\">\n<td style=\"width: 50%; height: 24px;\"><\/td>\n<td style=\"width: 49.7942%;\" width=\"301\">M\u00fckemmel \u0131slatma ve da\u011f\u0131labilirlik<\/td>\n<\/tr>\n<tr style=\"height: 24px;\">\n<td style=\"width: 50%; height: 24px;\"><\/td>\n<td style=\"width: 49.7942%;\">\u00c7ok iyi solvent kabul\u00fc<\/td>\n<\/tr>\n<tr style=\"height: 24px;\">\n<td style=\"width: 50%; height: 24px;\"><\/td>\n<td style=\"width: 49.7942%;\">H\u0131zl\u0131 y\u00fczey ve tam kuruma<\/td>\n<\/tr>\n<tr style=\"height: 24px;\">\n<td style=\"width: 50%; height: 24px;\"><\/td>\n<td style=\"width: 49.7942%;\">Pigment birikimine kar\u015f\u0131 dayan\u0131kl\u0131<\/td>\n<\/tr>\n<tr style=\"height: 24px;\">\n<td style=\"width: 50%; height: 24px;\"><\/td>\n<td style=\"width: 49.7942%;\">Y\u00fcksek y\u00fczey parlakl\u0131\u011f\u0131 ve uzun parlakl\u0131k tutma<\/td>\n<\/tr>\n<tr>\n<td style=\"width: 50%;\"><\/td>\n<td style=\"width: 49.7942%;\">\u00c7ok iyi Yap\u0131\u015fma<\/td>\n<\/tr>\n<tr>\n<td style=\"width: 50%;\"><\/td>\n<td style=\"width: 49.7942%;\">M\u00fckemmel Kapsama<\/td>\n<\/tr>\n<tr>\n<td style=\"width: 50%;\"><\/td>\n<td style=\"width: 49.7942%;\" width=\"325\"><\/td>\n<\/tr>\n<tr>\n<td style=\"width: 50%;\"><\/td>\n<td style=\"width: 49.7942%;\" width=\"325\"><\/td>\n<\/tr>\n<\/tbody>\n<\/table>\n<p>&nbsp;<\/p>\n<p><strong>Depolama ko\u015fullar\u0131 ve s\u00fcresi:<\/strong><br \/>\nBu \u00fcr\u00fcn, orijinal kapal\u0131 \u00e7elik varilinde, ate\u015ften, \u0131s\u0131 kayna\u011f\u0131ndan ve do\u011frudan g\u00fcne\u015f \u0131\u015f\u0131\u011f\u0131ndan uzak, so\u011fuk ve kuru bir yerde, 5-30 \u00b0C aras\u0131ndaki s\u0131cakl\u0131klarda saklanmal\u0131d\u0131r. Bu ko\u015fullar alt\u0131nda, bu \u00fcr\u00fcn\u00fcn raf \u00f6mr\u00fc teslimat tarihinden itibaren en fazla 12 ay olacakt\u0131r.<\/p>\n<p>&nbsp;<\/p>\n<p>Ambalaj:<br \/>\n190 Kg net \u00e7elik varil i\u00e7inde<\/p>\n<p>&nbsp;<\/p>\n<p><strong>Not:<\/strong><br \/>\nKat\u0131 madde oran\u0131, viskozite ve di\u011fer niteliksel parametreler m\u00fc\u015fteri taleplerine g\u00f6re \u00f6zelle\u015ftirilebilir.<\/p>\n","protected":false},"featured_media":3130,"comment_status":"open","ping_status":"closed","template":"","meta":{"inline_featured_image":false},"product_cat":[835,842,860],"product_tag":[],"class_list":{"0":"post-3097","1":"product","2":"type-product","3":"status-publish","4":"has-post-thumbnail","6":"product_cat-alkyd-resin","7":"product_cat-uzun-yagli-alkid","8":"product_cat-dekoratif-boyalar-icin-recineler","10":"first","11":"instock","12":"shipping-taxable","13":"product-type-simple"},"acf":[],"_links":{"self":[{"href":"https:\/\/tavangaran.co\/tu\/wp-json\/wp\/v2\/product\/3097"}],"collection":[{"href":"https:\/\/tavangaran.co\/tu\/wp-json\/wp\/v2\/product"}],"about":[{"href":"https:\/\/tavangaran.co\/tu\/wp-json\/wp\/v2\/types\/product"}],"replies":[{"embeddable":true,"href":"https:\/\/tavangaran.co\/tu\/wp-json\/wp\/v2\/comments?post=3097"}],"wp:featuredmedia":[{"embeddable":true,"href":"https:\/\/tavangaran.co\/tu\/wp-json\/wp\/v2\/media\/3130"}],"wp:attachment":[{"href":"https:\/\/tavangaran.co\/tu\/wp-json\/wp\/v2\/media?parent=3097"}],"wp:term":[{"taxonomy":"product_cat","embeddable":true,"href":"https:\/\/tavangaran.co\/tu\/wp-json\/wp\/v2\/product_cat?post=3097"},{"taxonomy":"product_tag","embeddable":true,"href":"https:\/\/tavangaran.co\/tu\/wp-json\/wp\/v2\/product_tag?post=3097"}],"curies":[{"name":"wp","href":"https:\/\/api.w.org\/{rel}","templated":true}]}}