{"id":3096,"date":"2023-12-01T21:23:05","date_gmt":"2023-12-01T17:53:05","guid":{"rendered":"https:\/\/tavangaran.co\/product\/car-putty-copy\/"},"modified":"2025-01-12T11:30:55","modified_gmt":"2025-01-12T08:00:55","slug":"ahsap-kaplama","status":"publish","type":"product","link":"https:\/\/tavangaran.co\/tu\/product\/ahsap-kaplama\/","title":{"rendered":"Ah\u015fap Kaplama"},"content":{"rendered":"","protected":false},"excerpt":{"rendered":"<p>&nbsp;<\/p>\n<p><span style=\"color: #000000;\"><strong>Belirtilen kod ve \u00fcr\u00fcn yelpazesi detaylar\u0131 sat\u0131\u015f uzman\u0131m\u0131zla yapaca\u011f\u0131n\u0131z yaz\u0131\u015fmalar sonucunda taraf\u0131n\u0131za sayg\u0131yla iletilecektir.<\/strong><\/span><\/p>\n<p>&nbsp;<\/p>\n<p><span style=\"font-size: 14pt; color: #000000;\"><strong>S\u0131v\u0131 Re\u00e7inenin Performans Endeksi:<\/strong><\/span><\/p>\n<table style=\"border-collapse: collapse; width: 100%; height: 216px;\">\n<tbody>\n<tr style=\"height: 24px;\">\n<td style=\"width: 49.9299%; height: 24px;\" width=\"267\"><span style=\"color: #000000;\">Re\u00e7ine T\u00fcr\u00fc<\/span><\/td>\n<td style=\"width: 49.9448%; height: 24px;\" width=\"233\">Ortoftalik doymam\u0131\u015f polyester re\u00e7ine<\/td>\n<\/tr>\n<tr style=\"height: 24px;\">\n<td style=\"width: 49.9299%; height: 24px;\"><span style=\"color: #000000;\">G\u00f6r\u00fcn\u00fcm<\/span><\/td>\n<td style=\"width: 49.9448%; height: 24px;\" width=\"325\">Berrak s\u0131v\u0131<\/td>\n<\/tr>\n<tr style=\"height: 24px;\">\n<td style=\"width: 49.9299%; height: 24px;\" width=\"267\"><span style=\"color: #000000;\">Jel s\u00fcresi (dk)<\/span><\/td>\n<td style=\"width: 49.9448%; height: 24px;\" width=\"233\">8 &#8211; 25<\/td>\n<\/tr>\n<tr style=\"height: 24px;\">\n<td style=\"width: 49.9299%; height: 24px;\"><span style=\"color: #000000;\">K\u00fcrlenme Ko\u015fulu<\/span><\/td>\n<td style=\"width: 49.9448%; height: 24px;\" width=\"233\">100 par\u00e7a polyesterde 0,5 par\u00e7a Co 1% ve 2 par\u00e7a MEKP 50%<\/td>\n<\/tr>\n<tr style=\"height: 24px;\">\n<td style=\"width: 49.9299%; height: 24px;\" width=\"267\"><span style=\"color: #000000;\">Tepe Ekzotermi (\u00b0C)<\/span><\/td>\n<td style=\"width: 49.9448%; height: 24px;\" width=\"233\">Maksimum 205<\/td>\n<\/tr>\n<tr style=\"height: 24px;\">\n<td style=\"width: 49.9299%; height: 24px;\" width=\"267\"><span style=\"color: #000000;\">Kat\u0131 \u0130\u00e7eri\u011fi (%)<\/span><\/td>\n<td style=\"width: 49.9448%; height: 24px;\" width=\"233\">60 &#8211; 66<\/td>\n<\/tr>\n<tr style=\"height: 24px;\">\n<td style=\"width: 49.9299%; height: 24px;\" width=\"267\"><span style=\"color: #000000;\">Viskozite (25 \u00b0C&#8217;de)(Sn)<\/span><\/td>\n<td style=\"width: 49.9448%; height: 24px;\" width=\"233\">300 &#8211; 550<\/td>\n<\/tr>\n<tr style=\"height: 24px;\">\n<td style=\"width: 49.9299%; height: 24px;\" width=\"267\"><span style=\"color: #000000;\">Asit De\u011feri (mgKOH\/g)<\/span><\/td>\n<td style=\"width: 49.9448%; height: 24px;\" width=\"233\">18 &#8211; 30<\/td>\n<\/tr>\n<tr style=\"height: 24px;\">\n<td style=\"width: 49.9299%; height: 24px;\" width=\"267\"><\/td>\n<td style=\"width: 49.9448%; height: 24px;\" width=\"325\"><\/td>\n<\/tr>\n<\/tbody>\n<\/table>\n<p>&nbsp;<\/p>\n<p><span style=\"font-size: 14pt; color: #000000;\"><strong>Mekanik \u00d6zellikler:<\/strong><\/span><\/p>\n<table style=\"border-collapse: collapse; width: 100%; height: 143px;\">\n<tbody>\n<tr style=\"height: 24px;\">\n<td style=\"width: 49.9299%; height: 24px;\" width=\"267\"><span style=\"color: #000000;\">\u00c7ekme Dayan\u0131m\u0131 (Mpa)<\/span><\/td>\n<td style=\"width: 49.9299%; height: 24px;\" width=\"325\">60 &#8211; 75<\/td>\n<\/tr>\n<tr style=\"height: 24px;\">\n<td style=\"width: 49.9299%; height: 24px;\" width=\"267\"><span style=\"color: #000000;\">\u00c7ekme Uzamas\u0131 (%)<\/span><\/td>\n<td style=\"width: 49.9299%; height: 24px;\" width=\"325\">5<\/td>\n<\/tr>\n<tr style=\"height: 24px;\">\n<td style=\"width: 49.9299%; height: 24px;\" width=\"267\"><span style=\"color: #000000;\">\u00c7ekme Mod\u00fcl\u00fc (Mpa)<\/span><\/td>\n<td style=\"width: 49.9299%; height: 24px;\" width=\"325\">1000<\/td>\n<\/tr>\n<tr style=\"height: 24px;\">\n<td style=\"width: 49.9299%; height: 24px;\" width=\"267\"><span style=\"color: #000000;\">E\u011filme Dayan\u0131m\u0131 (Mpa)<\/span><\/td>\n<td style=\"width: 49.9299%; height: 24px;\" width=\"325\">110 &#8211; 140<\/td>\n<\/tr>\n<tr style=\"height: 24px;\">\n<td style=\"width: 49.9299%; height: 24px;\" width=\"267\"><span style=\"color: #000000;\">E\u011filme Mod\u00fcl\u00fc (Mpa)<\/span><\/td>\n<td style=\"width: 49.9299%; height: 24px;\" width=\"325\">3000<\/td>\n<\/tr>\n<tr style=\"height: 24px;\">\n<td style=\"width: 49.9299%; height: 23px;\" width=\"267\"><span style=\"color: #000000;\">HDT (\u00b0C)<\/span><\/td>\n<td style=\"width: 49.9299%; height: 23px;\" width=\"325\">50 &#8211; 70<\/td>\n<\/tr>\n<tr style=\"height: 24px;\">\n<td style=\"width: 49.9299%; height: 23px;\" width=\"267\"><span style=\"color: #000000;\">Barcol Sertli\u011fi<\/span><\/td>\n<td style=\"width: 49.9299%; height: 23px;\" width=\"325\">35 &#8211; 45<\/td>\n<\/tr>\n<tr style=\"height: 24px;\">\n<td style=\"width: 49.9299%; height: 23px;\" width=\"267\"><span style=\"color: #000000;\">Do\u011frusal B\u00fcz\u00fclme (%)<\/span><\/td>\n<td style=\"width: 49.9299%; height: 23px;\" width=\"325\"><span style=\"color: #000000;\">1<\/span><\/td>\n<\/tr>\n<tr style=\"height: 24px;\">\n<td style=\"width: 49.9299%; height: 23px;\" width=\"267\"><span style=\"color: #000000;\">Su Emilimi (A\u011f\u0131rl\u0131k\u00e7a%)<\/span><\/td>\n<td style=\"width: 49.9299%; height: 23px;\" width=\"325\"><span style=\"color: #000000;\">Maksimum 0,5<\/span><\/td>\n<\/tr>\n<\/tbody>\n<\/table>\n<p>&nbsp;<\/p>\n<p><span style=\"font-size: 14pt; color: #000000;\"><strong>\u00dcr\u00fcn Uygulamas\u0131:<\/strong><\/span><\/p>\n<table style=\"border-collapse: collapse; width: 100%; height: 20px;\">\n<tbody>\n<tr style=\"height: 24px;\">\n<td style=\"width: 50%; height: 10px;\"><\/td>\n<td style=\"width: 49.9448%; height: 10px;\" width=\"233\">Genel uygulamalar<\/td>\n<\/tr>\n<tr style=\"height: 24px;\">\n<td style=\"width: 50%; height: 10px;\"><\/td>\n<td style=\"width: 49.9448%; height: 10px;\" width=\"233\">Levha imalat\u0131<\/td>\n<\/tr>\n<tr style=\"height: 24px;\">\n<td style=\"width: 50%; height: 10px;\"><\/td>\n<td style=\"width: 49.9448%; height: 10px;\" width=\"233\">El yat\u0131rmas\u0131<\/td>\n<\/tr>\n<tr style=\"height: 24px;\">\n<td style=\"width: 50%; height: 10px;\"><\/td>\n<td style=\"width: 49.9448%; height: 10px;\" width=\"233\"><\/td>\n<\/tr>\n<tr style=\"height: 24px;\">\n<td style=\"width: 50%; height: 10px;\"><\/td>\n<td style=\"width: 49.9448%; height: 10px;\" width=\"233\"><\/td>\n<\/tr>\n<tr style=\"height: 24px;\">\n<td style=\"width: 50%; height: 10px;\"><\/td>\n<td style=\"width: 49.9448%; height: 10px;\" width=\"233\"><\/td>\n<\/tr>\n<\/tbody>\n<\/table>\n<p>&nbsp;<\/p>\n<p><span style=\"font-size: 14pt; color: #000000;\"><strong>\u00dcr\u00fcn A\u00e7\u0131klamas\u0131:<\/strong><\/span><\/p>\n<table style=\"border-collapse: collapse; width: 100%; height: 96px;\">\n<tbody>\n<tr style=\"height: 24px;\">\n<td style=\"width: 45.679%; height: 24px;\"><\/td>\n<td style=\"width: 54.2658%; height: 24px;\" width=\"233\">D\u00fc\u015f\u00fck b\u00fcz\u00fclme<\/td>\n<\/tr>\n<tr style=\"height: 24px;\">\n<td style=\"width: 45.679%; height: 24px;\"><\/td>\n<td style=\"width: 54.2658%;\" width=\"233\">Y\u00fcksek esneklik<\/td>\n<\/tr>\n<tr style=\"height: 24px;\">\n<td style=\"width: 45.679%; height: 24px;\"><\/td>\n<td style=\"width: 54.2658%;\" width=\"233\">Cam elyaflar\u0131na \u00e7ok iyi yap\u0131\u015fma ve dif\u00fczyon<\/td>\n<\/tr>\n<tr style=\"height: 24px;\">\n<td style=\"width: 45.679%; height: 24px;\"><\/td>\n<td style=\"width: 54.2658%;\" width=\"233\">\u0130yi mekanik \u00f6zellikler<\/td>\n<\/tr>\n<tr style=\"height: 24px;\">\n<td style=\"width: 45.679%; height: 24px;\"><\/td>\n<td style=\"width: 54.2658%;\" width=\"233\">Y\u00fcksek doldurma kapasitesi<\/td>\n<\/tr>\n<tr style=\"height: 24px;\">\n<td style=\"width: 45.679%; height: 24px;\"><\/td>\n<td style=\"width: 54.2658%;\" width=\"233\"><\/td>\n<\/tr>\n<tr style=\"height: 24px;\">\n<td style=\"width: 45.679%; height: 24px;\"><\/td>\n<td style=\"width: 54.2658%;\" width=\"233\"><\/td>\n<\/tr>\n<tr style=\"height: 24px;\">\n<td style=\"width: 45.679%; height: 24px;\"><\/td>\n<td style=\"width: 54.2658%;\" width=\"233\"><\/td>\n<\/tr>\n<\/tbody>\n<\/table>\n<p>&nbsp;<\/p>\n<p><span style=\"color: #000000;\"><strong>Depolama ko\u015fullar\u0131 ve s\u00fcresi:<\/strong><\/span><br \/>\n<span style=\"color: #000000;\">Bu \u00fcr\u00fcn, 5-25 \u00b0C aras\u0131ndaki s\u0131cakl\u0131klarda, ate\u015ften, \u0131s\u0131 kayna\u011f\u0131ndan ve do\u011frudan g\u00fcne\u015f \u0131\u015f\u0131\u011f\u0131ndan uzak, so\u011fuk ve kuru bir yerde, orijinal kapal\u0131 \u00e7elik varilinde saklanmal\u0131d\u0131r. Bu ko\u015fullar alt\u0131nda, bu \u00fcr\u00fcn\u00fcn raf \u00f6mr\u00fc teslimat tarihinden itibaren en fazla 6 ay olacakt\u0131r.<\/span><\/p>\n<p>&nbsp;<\/p>\n<p><span style=\"color: #000000;\"><strong>Paketleme:<\/strong><\/span><br \/>\n<span style=\"color: #000000;\">\u00c7elik varilde 230 Kg net<\/span><\/p>\n<p>&nbsp;<\/p>\n<p><span style=\"color: #000000;\"><strong>A\u00e7\u0131klama:<\/strong><\/span><br \/>\n<span style=\"color: #000000;\">Kat\u0131 i\u00e7erik, Viskozite ve di\u011fer nitel parametreler, m\u00fc\u015fteri gereksinimlerine g\u00f6re \u00f6zelle\u015ftirilebilir.<\/span><\/p>\n","protected":false},"featured_media":3181,"comment_status":"open","ping_status":"closed","template":"","meta":{"inline_featured_image":false},"product_cat":[530,838,859],"product_tag":[],"class_list":{"0":"post-3096","1":"product","2":"type-product","3":"status-publish","4":"has-post-thumbnail","6":"product_cat-unsaturated-polyester","7":"product_cat-coatings","8":"product_cat-wood-coating","10":"first","11":"instock","12":"shipping-taxable","13":"product-type-simple"},"acf":[],"_links":{"self":[{"href":"https:\/\/tavangaran.co\/tu\/wp-json\/wp\/v2\/product\/3096"}],"collection":[{"href":"https:\/\/tavangaran.co\/tu\/wp-json\/wp\/v2\/product"}],"about":[{"href":"https:\/\/tavangaran.co\/tu\/wp-json\/wp\/v2\/types\/product"}],"replies":[{"embeddable":true,"href":"https:\/\/tavangaran.co\/tu\/wp-json\/wp\/v2\/comments?post=3096"}],"wp:featuredmedia":[{"embeddable":true,"href":"https:\/\/tavangaran.co\/tu\/wp-json\/wp\/v2\/media\/3181"}],"wp:attachment":[{"href":"https:\/\/tavangaran.co\/tu\/wp-json\/wp\/v2\/media?parent=3096"}],"wp:term":[{"taxonomy":"product_cat","embeddable":true,"href":"https:\/\/tavangaran.co\/tu\/wp-json\/wp\/v2\/product_cat?post=3096"},{"taxonomy":"product_tag","embeddable":true,"href":"https:\/\/tavangaran.co\/tu\/wp-json\/wp\/v2\/product_tag?post=3096"}],"curies":[{"name":"wp","href":"https:\/\/api.w.org\/{rel}","templated":true}]}}