{"id":3076,"date":"2023-12-01T16:45:43","date_gmt":"2023-12-01T13:15:43","guid":{"rendered":"https:\/\/tavangaran.co\/product\/nc-base-wood-coating-clear-coat-copy\/"},"modified":"2025-01-12T13:55:08","modified_gmt":"2025-01-12T10:25:08","slug":"firin-boyalari-ve-vernikleri-genel-sinif","status":"publish","type":"product","link":"https:\/\/tavangaran.co\/tu\/product\/firin-boyalari-ve-vernikleri-genel-sinif\/","title":{"rendered":"F\u0131r\u0131n Boyalar\u0131 ve Vernikleri (Genel S\u0131n\u0131f)"},"content":{"rendered":"","protected":false},"excerpt":{"rendered":"<p>&nbsp;<\/p>\n<p><span style=\"color: #000000;\"><strong>Belirtilen kod ve \u00fcr\u00fcn yelpazesi detaylar\u0131 sat\u0131\u015f uzman\u0131m\u0131zla yapaca\u011f\u0131n\u0131z yaz\u0131\u015fmalar sonucunda taraf\u0131n\u0131za sayg\u0131yla iletilecektir.<\/strong><\/span><\/p>\n<p>&nbsp;<\/p>\n<p><span style=\"font-size: 14pt; color: #000000;\"><strong>S\u0131v\u0131 Re\u00e7inenin Performans Endeksi:<\/strong><\/span><\/p>\n<table style=\"border-collapse: collapse; width: 100%; height: 144px;\">\n<tbody>\n<tr>\n<td style=\"width: 50%;\" width=\"200\"><span style=\"color: #000000;\">Ya\u011f Asidi<\/span><\/td>\n<td style=\"width: 50%;\" width=\"344\">Soya fasulyesi<\/td>\n<\/tr>\n<tr>\n<td style=\"width: 50%;\"><span style=\"color: #000000;\">Kat\u0131 \u0130\u00e7eri\u011fi (%)<\/span><\/td>\n<td style=\"width: 50%;\">59 &#8211; 76<\/td>\n<\/tr>\n<tr>\n<td style=\"width: 50%;\"><span style=\"color: #000000;\">25C&#8217;de Viskozite (Gardner)(Sn)<\/span><\/td>\n<td style=\"width: 50%;\">170 &#8211; 7000<\/td>\n<\/tr>\n<tr>\n<td style=\"width: 50%;\"><span style=\"color: #000000;\">Renk (Gardner)<\/span><\/td>\n<td style=\"width: 50%;\">Maks 3<\/td>\n<\/tr>\n<tr>\n<td style=\"width: 50%;\"><span style=\"color: #000000;\">Asit De\u011feri (mgKOH\/g)<\/span><\/td>\n<td style=\"width: 50%;\">Maks 8<\/td>\n<\/tr>\n<tr>\n<td style=\"width: 50%;\"><span style=\"color: #000000;\">\u00c7\u00f6z\u00fcc\u00fc<\/span><\/td>\n<td style=\"width: 50%;\">Ksilen<\/td>\n<\/tr>\n<\/tbody>\n<\/table>\n<p>&nbsp;<\/p>\n<p><span style=\"font-size: 14pt; color: #000000;\"><strong>\u00dcr\u00fcn Uygulamas\u0131:<\/strong><\/span><\/p>\n<table style=\"border-collapse: collapse; width: 100%; height: 96px;\">\n<tbody>\n<tr style=\"height: 24px;\">\n<td style=\"width: 50%; height: 24px;\"><\/td>\n<td style=\"width: 49.7942%;\" width=\"344\">So\u011fuk k\u00fcrleme kaplamalar\u0131<\/td>\n<\/tr>\n<tr style=\"height: 24px;\">\n<td style=\"width: 50%; height: 24px;\"><\/td>\n<td style=\"width: 49.7942%;\">Nitrosel\u00fcloz bazl\u0131 an\u0131nda vernikler ve boyalar<\/td>\n<\/tr>\n<tr style=\"height: 24px;\">\n<td style=\"width: 50%; height: 24px;\"><\/td>\n<td style=\"width: 49.7942%;\">Alkid amino f\u0131r\u0131n boyalar\u0131<\/td>\n<\/tr>\n<tr style=\"height: 24px;\">\n<td style=\"width: 50%; height: 24px;\"><\/td>\n<td style=\"width: 49.7942%;\"><\/td>\n<\/tr>\n<tr style=\"height: 24px;\">\n<td style=\"width: 50%; height: 24px;\"><\/td>\n<td style=\"width: 49.7942%;\" width=\"325\"><\/td>\n<\/tr>\n<\/tbody>\n<\/table>\n<p>&nbsp;<\/p>\n<p><span style=\"font-size: 14pt; color: #000000;\"><strong>\u00dcr\u00fcn A\u00e7\u0131klamas\u0131:<\/strong><\/span><\/p>\n<table style=\"border-collapse: collapse; width: 100%; height: 96px;\">\n<tbody>\n<tr style=\"height: 24px;\">\n<td style=\"width: 50%; height: 24px;\"><\/td>\n<td style=\"width: 50%;\" width=\"344\">\u00c7ok iyi sertlik<\/td>\n<\/tr>\n<tr style=\"height: 24px;\">\n<td style=\"width: 50%; height: 24px;\"><\/td>\n<td style=\"width: 50%;\">H\u0131zl\u0131 y\u00fczey ve tam kuruma<\/td>\n<\/tr>\n<tr style=\"height: 24px;\">\n<td style=\"width: 50%; height: 24px;\"><\/td>\n<td style=\"width: 50%;\">Y\u00fcksek y\u00fczey parlakl\u0131\u011f\u0131 ve uzun parlakl\u0131k tutma<\/td>\n<\/tr>\n<tr style=\"height: 24px;\">\n<td style=\"width: 50%; height: 24px;\"><\/td>\n<td style=\"width: 50%;\">Son derece iyi yap\u0131\u015fma ve esneklik<\/td>\n<\/tr>\n<tr style=\"height: 24px;\">\n<td style=\"width: 50%; height: 24px;\"><\/td>\n<td style=\"width: 50%;\">\u00c7ok iyi pigment \u0131slatma ve da\u011f\u0131labilirlik<\/td>\n<\/tr>\n<tr style=\"height: 24px;\">\n<td style=\"width: 50%; height: 24px;\"><\/td>\n<td style=\"width: 50%;\"><\/td>\n<\/tr>\n<\/tbody>\n<\/table>\n<p>&nbsp;<\/p>\n<p><span style=\"color: #000000;\"><strong>Depolama ko\u015fullar\u0131 ve s\u00fcresi:<\/strong><\/span><br \/>\n<span style=\"color: #000000;\">Bu \u00fcr\u00fcn, orijinal kapal\u0131 \u00e7elik varilinde, ate\u015ften, \u0131s\u0131 kayna\u011f\u0131ndan ve do\u011frudan g\u00fcne\u015f \u0131\u015f\u0131\u011f\u0131ndan uzak, so\u011fuk ve kuru bir yerde, 5-30 \u00b0C aras\u0131ndaki s\u0131cakl\u0131klarda saklanmal\u0131d\u0131r. Bu ko\u015fullar alt\u0131nda, bu \u00fcr\u00fcn\u00fcn raf \u00f6mr\u00fc teslimat tarihinden itibaren en fazla 12 ay olacakt\u0131r.<\/span><\/p>\n<p>&nbsp;<\/p>\n<p><span style=\"color: #000000;\"><strong>Ambalaj:<\/strong><\/span><br \/>\n<span style=\"color: #000000;\">200 Kg net \u00e7elik varil i\u00e7inde<\/span><\/p>\n<p>&nbsp;<\/p>\n<p><span style=\"color: #000000;\"><strong>Not:<\/strong><\/span><br \/>\n<span style=\"color: #000000;\">Kat\u0131 madde oran\u0131, viskozite ve di\u011fer niteliksel parametreler m\u00fc\u015fteri taleplerine g\u00f6re \u00f6zelle\u015ftirilebilir.<\/span><\/p>\n","protected":false},"featured_media":3144,"comment_status":"open","ping_status":"closed","template":"","meta":{"inline_featured_image":false},"product_cat":[835,840,883],"product_tag":[],"class_list":{"0":"post-3076","1":"product","2":"type-product","3":"status-publish","4":"has-post-thumbnail","6":"product_cat-alkyd-resin","7":"product_cat-kisa-yagli-alkid","8":"product_cat-firin-boyalari-ve-vernikleri-genel-sinif","10":"first","11":"instock","12":"shipping-taxable","13":"product-type-simple"},"acf":[],"_links":{"self":[{"href":"https:\/\/tavangaran.co\/tu\/wp-json\/wp\/v2\/product\/3076"}],"collection":[{"href":"https:\/\/tavangaran.co\/tu\/wp-json\/wp\/v2\/product"}],"about":[{"href":"https:\/\/tavangaran.co\/tu\/wp-json\/wp\/v2\/types\/product"}],"replies":[{"embeddable":true,"href":"https:\/\/tavangaran.co\/tu\/wp-json\/wp\/v2\/comments?post=3076"}],"wp:featuredmedia":[{"embeddable":true,"href":"https:\/\/tavangaran.co\/tu\/wp-json\/wp\/v2\/media\/3144"}],"wp:attachment":[{"href":"https:\/\/tavangaran.co\/tu\/wp-json\/wp\/v2\/media?parent=3076"}],"wp:term":[{"taxonomy":"product_cat","embeddable":true,"href":"https:\/\/tavangaran.co\/tu\/wp-json\/wp\/v2\/product_cat?post=3076"},{"taxonomy":"product_tag","embeddable":true,"href":"https:\/\/tavangaran.co\/tu\/wp-json\/wp\/v2\/product_tag?post=3076"}],"curies":[{"name":"wp","href":"https:\/\/api.w.org\/{rel}","templated":true}]}}